{"id":2018,"date":"2024-05-09T09:32:51","date_gmt":"2024-05-09T08:32:51","guid":{"rendered":"https:\/\/jan-devries.nl\/?page_id=2018"},"modified":"2025-01-13T23:03:58","modified_gmt":"2025-01-13T22:03:58","slug":"testpagina","status":"publish","type":"page","link":"https:\/\/jan-devries.nl\/?page_id=2018","title":{"rendered":"0.1.5 Marokko"},"content":{"rendered":"\n<p>Wij zijn daar geweest in oktober en november 2023 en we zijn het er over eens, dat dit een van onze leukste vakanties was die we hebben gedaan. In elk geval van de reizen die we hebben gemaakt met onze VW bus. <br>Het was een reis, die was georganiseerd door het VW campercentrum. Er waren 15 VW busjes mee en \u00e9\u00e9n van de ingredi\u00ebnten van deze leuke vakantie was de groep VW-adepten die mee waren. We vertrokken vanuit Tarifa in het zuidelijkste puntje van Spanje en daar was een camping, die was gereserveerd door de reisleiding. Maar net zoals wij namen een flink aantal medereizigers geen risico om te laat te komen en die kwamen \u00f3\u00f3k enkele dagen eerder. En dat hielp enorm voor het geoepsgevoel avant-la-lettre.<br><\/p>\n\n\n\n<p><\/p>\n\n\n\n<figure class=\"wp-block-gallery has-nested-images columns-default is-cropped wp-block-gallery-1 is-layout-flex wp-block-gallery-is-layout-flex\">\n<figure class=\"wp-block-image size-large\"><a href=\"https:\/\/jan-devries.nl\/wp-content\/uploads\/2024\/05\/20231021_184504.jpg\"><img loading=\"lazy\" decoding=\"async\" width=\"1024\" height=\"768\" data-id=\"2028\" src=\"https:\/\/jan-devries.nl\/wp-content\/uploads\/2024\/05\/20231021_184504-1024x768.jpg\" alt=\"\" class=\"wp-image-2028\" srcset=\"https:\/\/jan-devries.nl\/wp-content\/uploads\/2024\/05\/20231021_184504-1024x768.jpg 1024w, https:\/\/jan-devries.nl\/wp-content\/uploads\/2024\/05\/20231021_184504-300x225.jpg 300w, https:\/\/jan-devries.nl\/wp-content\/uploads\/2024\/05\/20231021_184504-768x576.jpg 768w\" sizes=\"auto, (max-width: 1024px) 100vw, 1024px\" \/><\/a><figcaption class=\"wp-element-caption\">Jan met een kameel<\/figcaption><\/figure>\n<\/figure>\n","protected":false},"excerpt":{"rendered":"<p>Wij zijn daar geweest in oktober en november 2023 en we zijn het er over eens, dat dit een van onze leukste vakanties was die we hebben gedaan. In elk geval van de reizen die we hebben gemaakt met onze &hellip; <a href=\"https:\/\/jan-devries.nl\/?page_id=2018\">Lees verder <span class=\"meta-nav\">&rarr;<\/span><\/a><\/p>\n","protected":false},"author":1,"featured_media":0,"parent":235,"menu_order":5,"comment_status":"closed","ping_status":"closed","template":"","meta":{"footnotes":""},"class_list":["post-2018","page","type-page","status-publish","hentry"],"_links":{"self":[{"href":"https:\/\/jan-devries.nl\/index.php?rest_route=\/wp\/v2\/pages\/2018","targetHints":{"allow":["GET"]}}],"collection":[{"href":"https:\/\/jan-devries.nl\/index.php?rest_route=\/wp\/v2\/pages"}],"about":[{"href":"https:\/\/jan-devries.nl\/index.php?rest_route=\/wp\/v2\/types\/page"}],"author":[{"embeddable":true,"href":"https:\/\/jan-devries.nl\/index.php?rest_route=\/wp\/v2\/users\/1"}],"replies":[{"embeddable":true,"href":"https:\/\/jan-devries.nl\/index.php?rest_route=%2Fwp%2Fv2%2Fcomments&post=2018"}],"version-history":[{"count":8,"href":"https:\/\/jan-devries.nl\/index.php?rest_route=\/wp\/v2\/pages\/2018\/revisions"}],"predecessor-version":[{"id":2083,"href":"https:\/\/jan-devries.nl\/index.php?rest_route=\/wp\/v2\/pages\/2018\/revisions\/2083"}],"up":[{"embeddable":true,"href":"https:\/\/jan-devries.nl\/index.php?rest_route=\/wp\/v2\/pages\/235"}],"wp:attachment":[{"href":"https:\/\/jan-devries.nl\/index.php?rest_route=%2Fwp%2Fv2%2Fmedia&parent=2018"}],"curies":[{"name":"wp","href":"https:\/\/api.w.org\/{rel}","templated":true}]}}